{"id":610,"date":"2016-11-03T13:28:59","date_gmt":"2016-11-03T13:28:59","guid":{"rendered":"http:\/\/translogic.dv.themerex.net\/?page_id=2"},"modified":"2024-09-22T13:12:12","modified_gmt":"2024-09-22T10:12:12","slug":"sample-page-2","status":"publish","type":"page","link":"https:\/\/ilplogistics.com\/de\/","title":{"rendered":"ILP LOG\u0130ST\u0130CS"},"content":{"rendered":"<p>[vc_row full_width=&#8221;stretch_row_content_no_spaces&#8221;][vc_column][rev_slider_vc alias=&#8221;home-1&#8243;][vc_empty_space height=&#8221;6.666em&#8221; alter_height=&#8221;none&#8221; hide_on_mobile=&#8221;&#8221;][\/vc_column][\/vc_row][vc_row full_width=&#8221;stretch_row&#8221; gap=&#8221;1&#8243; content_placement=&#8221;top&#8221; scheme=&#8221;default&#8221;][vc_column width=&#8221;1\/3&#8243;][vc_column_text]<\/p>\n<h3><strong>ILPXpress alle Europa Transportzeiten sind 48 \/ 72 Stunden<\/strong><\/h3>\n<p>[\/vc_column_text][\/vc_column][vc_column width=&#8221;5\/12&#8243;][vc_column_text]Wir haben teilweise Minivan-Service in Deutschland, Belgien und den Niederlanden in Richtung Export &amp; Import.[\/vc_column_text][\/vc_column][vc_column width=&#8221;3\/12&#8243;][trx_sc_button type=&#8221;default&#8221; size=&#8221;normal&#8221; link=&#8221;https:\/\/ilplogistics.com\/de\/contacts\/&#8221; title=&#8221;Adresse &#038; Kontakt&#8221; subtitle=&#8221;&#8221; align=&#8221;right&#8221; text_align=&#8221;none&#8221; back_image=&#8221;&#8221; icon_type=&#8221;fontawesome&#8221; icon_fontawesome=&#8221;icon-right&#8221; image=&#8221;&#8221; icon_position=&#8221;right&#8221; id=&#8221;&#8221; class=&#8221;&#8221; css=&#8221;&#8221;][\/vc_column][\/vc_row][vc_row full_width=&#8221;stretch_row&#8221; css=&#8221;.vc_custom_1656018455652{background-position: 0 0 !important;background-repeat: no-repeat !important;}&#8221;][vc_column][vc_empty_space height=&#8221;3.75em&#8221; alter_height=&#8221;none&#8221; hide_on_mobile=&#8221;&#8221;][trx_sc_promo type=&#8221;default&#8221; icon_type=&#8221;fontawesome&#8221; icon_fontawesome=&#8221;&#8221; title_style=&#8221;default&#8221; title_align=&#8221;default&#8221; title=&#8221;ILP LOGISTIK&#8221; subtitle=&#8221;International&#8221; description=&#8221;<strong>International Logistics Partner wurde gegr\u00fcndet, um im Bereich des internationalen Transports t\u00e4tig zu sein.<\/strong><\/p>\n<p>ILP Logistics hat sich das Prinzip zu eigen gemacht, die Technologie des 21. Jahrhunderts auf die genaueste Art und Weise zu nutzen, um Ihnen die angemessensten Kosten, t\u00e4gliche Standortinformationen und die schnellstm\u00f6gliche Lieferung zu bieten. Wir werden unseren Weg fortsetzen, indem wir Ihre Wertsch\u00e4tzung mit der Aufregung und dem Enthusiasmus des ersten Tages auf dem Weg, den wir eingeschlagen haben, entgegennehmen. Mit dem Wissen, den Kenntnissen und der Erfahrung, die wir im Transportsektor gewonnen haben, bieten wir Teil- und Komplettdienstleistungen in Richtung w\u00f6chentlicher regelm\u00e4\u00dfiger Exporte und Importe in alle europ\u00e4ischen, balkanischen und skandinavischen L\u00e4nder an, vor allem in England, Frankreich, Italien, Spanien, Deutschland, Benelux, \u00d6sterreich, Schweiz, Polen, Tschechien, Slowakei, Rum\u00e4nien und Bulgarien.<br \/>\nWir sind verpflichtet, Logistik-L\u00f6sungen f\u00fcr unsere Kunden zu produzieren, indem wir die Innovationen und Entwicklungen in dem Prozess, den wir gekommen sind, folgen, immer nach den Bedingungen des Tages handeln. Als ILP Logistics; Unter Supply Chain Management, werden wir weiterhin besser von Tag zu Tag mit dem Verst\u00e4ndnis von Boutique Service in allen Phasen der internationalen Transport, internen Transport, Lagerung, Zollabfertigung und Versicherung in den gesamten Prozess aus dem Abenteuer eines Produkts beginnend als Rohstoff, um die endg\u00fcltige Form erreicht es an den Verbraucher.&#8221; link=&#8221;https:\/\/ilplogistics.com\/de\/contacts\/&#8221; link_text=&#8221;Klicken Sie f\u00fcr Details&#8221; link_image=&#8221;&#8221; link2=&#8221;&#8221; link2_text=&#8221;&#8221; text_bg_color=&#8221;&#8221; image=&#8221;1546&#8243; image_position=&#8221;right&#8221; image_width=&#8221;40%&#8221; image_cover=&#8221;&#8221; image_bg_color=&#8221;#ffffff&#8221; size=&#8221;small&#8221; text_width=&#8221;none&#8221; text_float=&#8221;none&#8221; text_align=&#8221;none&#8221; full_height=&#8221;&#8221; text_paddings=&#8221;1&#8243; text_margins=&#8221;&#8221; gap=&#8221;&#8221; scheme=&#8221;inherit&#8221; id=&#8221;&#8221; class=&#8221;&#8221; css=&#8221;&#8221;][vc_column_text]<\/p>\n<h4><strong>Unser Auftrag<\/strong><\/h4>\n<p>Wir entlasten unsere Kunden durch zuverl\u00e4ssige, schnelle und wirtschaftliche L\u00f6sungen in ihrem Betrieb und erm\u00f6glichen es ihnen, mehr Zeit f\u00fcr ihr eigenes Gesch\u00e4ft zu haben.[\/vc_column_text][vc_empty_space height=&#8221;3.4em&#8221; alter_height=&#8221;none&#8221; hide_on_mobile=&#8221;&#8221;][vc_column_text]<\/p>\n<h4><strong>Unsere Vision<\/strong><\/h4>\n<p>Das bevorzugte Logistikunternehmen des Sektors zu sein, vor allem f\u00fcr seine Kunden, mit seiner Erfahrung im Sektor, indem wir unseren Kunden spezielle L\u00f6sungen mit integrierten Logistikl\u00f6sungen anbieten.[\/vc_column_text][vc_empty_space height=&#8221;3.4em&#8221; alter_height=&#8221;none&#8221; hide_on_mobile=&#8221;&#8221;][\/trx_sc_promo][vc_empty_space height=&#8221;3.4em&#8221; alter_height=&#8221;none&#8221; hide_on_mobile=&#8221;&#8221;][\/vc_column][\/vc_row][vc_row full_width=&#8221;stretch_row&#8221; scheme=&#8221;dark&#8221; css=&#8221;.vc_custom_1656018661447{background-color: #184987 !important;}&#8221;][vc_column css_animation=&#8221;bounceInLeft&#8221;][vc_empty_space height=&#8221;5.3em&#8221; alter_height=&#8221;none&#8221; hide_on_mobile=&#8221;&#8221;][trx_sc_services type=&#8221;default&#8221; featured=&#8221;image&#8221; featured_position=&#8221;top&#8221; hide_excerpt=&#8221;1&#8243; icons_animation=&#8221;&#8221; cat=&#8221;3&#8243; count=&#8221;5&#8243; columns=&#8221;5&#8243; slider=&#8221;&#8221; slider_pagination=&#8221;&#8221; slides_space=&#8221;5&#8243; title_style=&#8221;default&#8221; title_align=&#8221;left&#8221; title=&#8221;Unsere Dienstleistungen&#8221; subtitle=&#8221;Was sollen wir tun?&#8221; description=&#8221;&#8221; link=&#8221;&#8221; link_text=&#8221;&#8221; link_image=&#8221;&#8221; scheme=&#8221;inherit&#8221; id=&#8221;&#8221; class=&#8221;&#8221; css=&#8221;&#8221;][vc_empty_space height=&#8221;5.3em&#8221; alter_height=&#8221;none&#8221; hide_on_mobile=&#8221;&#8221;][\/vc_column][\/vc_row][vc_row full_width=&#8221;stretch_row_content_no_spaces&#8221; css=&#8221;.vc_custom_1478532881550{background-color: #faf9f5 !important;}&#8221;][vc_column][trx_sc_promo type=&#8221;default&#8221; icon_type=&#8221;fontawesome&#8221; icon_fontawesome=&#8221;&#8221; title_style=&#8221;default&#8221; title_align=&#8221;default&#8221; title=&#8221;&#8221; subtitle=&#8221;&#8221; description=&#8221;&#8221; link=&#8221;&#8221; link_text=&#8221;&#8221; link_image=&#8221;&#8221; link2=&#8221;&#8221; link2_text=&#8221;&#8221; text_bg_color=&#8221;&#8221; image=&#8221;527&#8243; image_position=&#8221;left&#8221; image_width=&#8221;50%&#8221; image_cover=&#8221;1&#8243; image_bg_color=&#8221;&#8221; size=&#8221;large&#8221; text_width=&#8221;none&#8221; text_float=&#8221;none&#8221; text_align=&#8221;none&#8221; full_height=&#8221;&#8221; text_paddings=&#8221;1&#8243; text_margins=&#8221;&#8221; gap=&#8221;&#8221; scheme=&#8221;inherit&#8221; id=&#8221;&#8221; class=&#8221;&#8221; css=&#8221;&#8221;][trx_sc_content type=&#8221;default&#8221; size=&#8221;1_2&#8243; float=&#8221;none&#8221; align=&#8221;none&#8221; title_style=&#8221;default&#8221; title_align=&#8221;default&#8221; title=&#8221;&#8221; subtitle=&#8221;&#8221; description=&#8221;&#8221; link=&#8221;&#8221; link_text=&#8221;&#8221; link_image=&#8221;&#8221; scheme=&#8221;inherit&#8221; id=&#8221;&#8221; class=&#8221;&#8221; css=&#8221;.vc_custom_1480289643519{margin-left: 0px !important;}&#8221;][trx_sc_skills type=&#8221;pie&#8221; filled=&#8221;1&#8243; cutout=&#8221;100&#8243; compact=&#8221;&#8221; color=&#8221;#e23b2e&#8221; back_color=&#8221;&#8221; border_color=&#8221;&#8221; max=&#8221;100&#8243; columns=&#8221;5&#8243; values=&#8221;%5B%7B%22title%22%3A%22Minivan-Express%22%2C%22value%22%3A%22%25%2095%20%20%22%2C%22icon_type%22%3A%22fontawesome%22%7D%2C%7B%22title%22%3A%22Stra%C3%9Fenverkehr%22%2C%22value%22%3A%22%25%2090%22%2C%22icon_type%22%3A%22fontawesome%22%7D%2C%7B%22title%22%3A%22Intermodaler%20Verkehr%22%2C%22value%22%3A%22%25%2082%22%2C%22icon_type%22%3A%22fontawesome%22%7D%2C%7B%22title%22%3A%22Luftverkehr%22%2C%22value%22%3A%22%25%2085%22%2C%22icon_type%22%3A%22fontawesome%22%7D%2C%7B%22title%22%3A%22Seefracht%22%2C%22value%22%3A%22%2584%22%2C%22icon_type%22%3A%22fontawesome%22%7D%5D&#8221; title_style=&#8221;default&#8221; title_align=&#8221;default&#8221; title=&#8221;ILP LOGISTIK&#8221; subtitle=&#8221;Internationale Logistik-Partner&#8221; description=&#8221;ILP Logistics hat sich das Prinzip zu eigen gemacht, die Technologie des 21. Jahrhunderts auf die genaueste Art und Weise zu nutzen, um Ihnen die g\u00fcnstigsten Kosten, t\u00e4gliche Standortinformationen und eine schnellstm\u00f6gliche Lieferung zu bieten.&#8221; link=&#8221;&#8221; link_text=&#8221;&#8221; link_image=&#8221;&#8221; id=&#8221;&#8221; class=&#8221;&#8221; css=&#8221;&#8221;][vc_empty_space height=&#8221;1.4em&#8221; alter_height=&#8221;none&#8221; hide_on_mobile=&#8221;&#8221;][\/trx_sc_content][\/trx_sc_promo][\/vc_column][\/vc_row][vc_row][vc_column][vc_images_carousel images=&#8221;1565,1557,1558,1559,1560,1561,1562,1563,1564&#8243; img_size=&#8221;1200&#215;800&#8243;][vc_empty_space height=&#8221;6.666em&#8221; alter_height=&#8221;none&#8221; hide_on_mobile=&#8221;&#8221;][\/vc_column][\/vc_row][vc_row disable_element=&#8221;yes&#8221;][vc_column width=&#8221;1\/3&#8243;][vc_column_text]<\/p>\n<h3>ILP Logistics ile \u00e7al\u0131\u015fmak ister misiniz?<\/h3>\n<p>[\/vc_column_text][\/vc_column][vc_column width=&#8221;5\/12&#8243;][vc_column_text]<\/p>\n<h6 style=\"color: #beb2a4\">International Logistics Partner Detayl\u0131 Bilgi i\u00e7in l\u00fctfen ileti\u015fime ge\u00e7in.<\/h6>\n<p>[\/vc_column_text][\/vc_column][vc_column width=&#8221;3\/12&#8243;][trx_sc_button type=&#8221;default&#8221; size=&#8221;normal&#8221; link=&#8221;http:\/\/ilplogistics.com\/index.php\/contacts\/&#8221; title=&#8221;Adres &amp; \u0130leti\u015fim&#8221; subtitle=&#8221;&#8221; align=&#8221;right&#8221; text_align=&#8221;none&#8221; back_image=&#8221;&#8221; icon_type=&#8221;fontawesome&#8221; icon_fontawesome=&#8221;icon-right&#8221; image=&#8221;&#8221; icon_position=&#8221;right&#8221; id=&#8221;&#8221; class=&#8221;&#8221; css=&#8221;&#8221;][\/vc_column][\/vc_row][vc_row][vc_column][vc_empty_space height=&#8221;5.5em&#8221; alter_height=&#8221;none&#8221; hide_on_mobile=&#8221;&#8221;][\/vc_column][\/vc_row]<\/p>\n","protected":false},"excerpt":{"rendered":"<p>[vc_row full_width=&#8221;stretch_row_content_no_spaces&#8221;][vc_column][rev_slider_vc alias=&#8221;home-1&#8243;][vc_empty_space height=&#8221;6.666em&#8221; alter_height=&#8221;none&#8221; hide_on_mobile=&#8221;&#8221;][\/vc_column][\/vc_row][vc_row full_width=&#8221;stretch_row&#8221; gap=&#8221;1&#8243; content_placement=&#8221;top&#8221; scheme=&#8221;default&#8221;][vc_column width=&#8221;1\/3&#8243;][vc_column_text] ILPXpress alle Europa Transportzeiten sind 48 \/ 72 Stunden [\/vc_column_text][\/vc_column][vc_column width=&#8221;5\/12&#8243;][vc_column_text]Wir haben teilweise Minivan-Service in Deutschland, Belgien und den Niederlanden in Richtung Export &amp; Import.[\/vc_column_text][\/vc_column][vc_column width=&#8221;3\/12&#8243;][trx_sc_button type=&#8221;default&#8221; size=&#8221;normal&#8221; link=&#8221;https:\/\/ilplogistics.com\/de\/contacts\/&#8221; title=&#8221;Adresse &#038; Kontakt&#8221; subtitle=&#8221;&#8221; align=&#8221;right&#8221; text_align=&#8221;none&#8221; back_image=&#8221;&#8221; icon_type=&#8221;fontawesome&#8221; icon_fontawesome=&#8221;icon-right&#8221; image=&#8221;&#8221; icon_position=&#8221;right&#8221; id=&#8221;&#8221; class=&#8221;&#8221; css=&#8221;&#8221;][\/vc_column][\/vc_row][vc_row full_width=&#8221;stretch_row&#8221; css=&#8221;.vc_custom_1656018455652{background-position: 0 0 !important;background-repeat: no-repeat&hellip;<\/p>\n","protected":false},"author":1,"featured_media":0,"parent":0,"menu_order":0,"comment_status":"closed","ping_status":"open","template":"","meta":{"footnotes":""},"class_list":["post-610","page","type-page","status-publish","hentry"],"yoast_head":"<!-- This site is optimized with the Yoast SEO plugin v27.4 - https:\/\/yoast.com\/product\/yoast-seo-wordpress\/ -->\n<title>ILP LOG\u0130ST\u0130CS - ILP Logistics DE<\/title>\n<meta name=\"robots\" content=\"index, follow, max-snippet:-1, max-image-preview:large, max-video-preview:-1\" \/>\n<link rel=\"canonical\" href=\"https:\/\/ilplogistics.com\/de\/\" \/>\n<meta property=\"og:locale\" content=\"tr_TR\" \/>\n<meta property=\"og:type\" content=\"article\" \/>\n<meta property=\"og:title\" content=\"ILP LOG\u0130ST\u0130CS - ILP Logistics DE\" \/>\n<meta property=\"og:description\" content=\"[vc_row full_width=&#8221;stretch_row_content_no_spaces&#8221;][vc_column][rev_slider_vc alias=&#8221;home-1&#8243;][vc_empty_space height=&#8221;6.666em&#8221; alter_height=&#8221;none&#8221; hide_on_mobile=&#8221;&#8221;][\/vc_column][\/vc_row][vc_row full_width=&#8221;stretch_row&#8221; gap=&#8221;1&#8243; content_placement=&#8221;top&#8221; scheme=&#8221;default&#8221;][vc_column width=&#8221;1\/3&#8243;][vc_column_text] ILPXpress alle Europa Transportzeiten sind 48 \/ 72 Stunden [\/vc_column_text][\/vc_column][vc_column width=&#8221;5\/12&#8243;][vc_column_text]Wir haben teilweise Minivan-Service in Deutschland, Belgien und den Niederlanden in Richtung Export &amp; Import.[\/vc_column_text][\/vc_column][vc_column width=&#8221;3\/12&#8243;][trx_sc_button type=&#8221;default&#8221; size=&#8221;normal&#8221; link=&#8221;https:\/\/ilplogistics.com\/de\/contacts\/&#8221; title=&#8221;Adresse &#038; Kontakt&#8221; subtitle=&#8221;&#8221; align=&#8221;right&#8221; text_align=&#8221;none&#8221; back_image=&#8221;&#8221; icon_type=&#8221;fontawesome&#8221; icon_fontawesome=&#8221;icon-right&#8221; image=&#8221;&#8221; icon_position=&#8221;right&#8221; id=&#8221;&#8221; class=&#8221;&#8221; css=&#8221;&#8221;][\/vc_column][\/vc_row][vc_row full_width=&#8221;stretch_row&#8221; css=&#8221;.vc_custom_1656018455652{background-position: 0 0 !important;background-repeat: no-repeat&hellip;\" \/>\n<meta property=\"og:url\" content=\"https:\/\/ilplogistics.com\/de\/\" \/>\n<meta property=\"og:site_name\" content=\"ILP Logistics DE\" \/>\n<meta property=\"article:modified_time\" content=\"2024-09-22T10:12:12+00:00\" \/>\n<meta name=\"twitter:card\" content=\"summary_large_image\" \/>\n<meta name=\"twitter:label1\" content=\"Tahmini okuma s\u00fcresi\" \/>\n\t<meta name=\"twitter:data1\" content=\"5 dakika\" \/>\n<script type=\"application\/ld+json\" class=\"yoast-schema-graph\">{\"@context\":\"https:\\\/\\\/schema.org\",\"@graph\":[{\"@type\":\"WebPage\",\"@id\":\"https:\\\/\\\/ilplogistics.com\\\/de\\\/\",\"url\":\"https:\\\/\\\/ilplogistics.com\\\/de\\\/\",\"name\":\"ILP LOG\u0130ST\u0130CS - ILP Logistics DE\",\"isPartOf\":{\"@id\":\"https:\\\/\\\/ilplogistics.com\\\/de\\\/#website\"},\"datePublished\":\"2016-11-03T13:28:59+00:00\",\"dateModified\":\"2024-09-22T10:12:12+00:00\",\"breadcrumb\":{\"@id\":\"https:\\\/\\\/ilplogistics.com\\\/de\\\/#breadcrumb\"},\"inLanguage\":\"tr\",\"potentialAction\":[{\"@type\":\"ReadAction\",\"target\":[\"https:\\\/\\\/ilplogistics.com\\\/de\\\/\"]}]},{\"@type\":\"BreadcrumbList\",\"@id\":\"https:\\\/\\\/ilplogistics.com\\\/de\\\/#breadcrumb\",\"itemListElement\":[{\"@type\":\"ListItem\",\"position\":1,\"name\":\"Anasayfa\",\"item\":\"https:\\\/\\\/ilplogistics.com\\\/de\\\/\"},{\"@type\":\"ListItem\",\"position\":2,\"name\":\"ILP LOG\u0130ST\u0130CS\"}]},{\"@type\":\"WebSite\",\"@id\":\"https:\\\/\\\/ilplogistics.com\\\/de\\\/#website\",\"url\":\"https:\\\/\\\/ilplogistics.com\\\/de\\\/\",\"name\":\"ILP Logistics DE\",\"description\":\"\",\"potentialAction\":[{\"@type\":\"SearchAction\",\"target\":{\"@type\":\"EntryPoint\",\"urlTemplate\":\"https:\\\/\\\/ilplogistics.com\\\/de\\\/?s={search_term_string}\"},\"query-input\":{\"@type\":\"PropertyValueSpecification\",\"valueRequired\":true,\"valueName\":\"search_term_string\"}}],\"inLanguage\":\"tr\"}]}<\/script>\n<!-- \/ Yoast SEO plugin. -->","yoast_head_json":{"title":"ILP LOG\u0130ST\u0130CS - ILP Logistics DE","robots":{"index":"index","follow":"follow","max-snippet":"max-snippet:-1","max-image-preview":"max-image-preview:large","max-video-preview":"max-video-preview:-1"},"canonical":"https:\/\/ilplogistics.com\/de\/","og_locale":"tr_TR","og_type":"article","og_title":"ILP LOG\u0130ST\u0130CS - ILP Logistics DE","og_description":"[vc_row full_width=&#8221;stretch_row_content_no_spaces&#8221;][vc_column][rev_slider_vc alias=&#8221;home-1&#8243;][vc_empty_space height=&#8221;6.666em&#8221; alter_height=&#8221;none&#8221; hide_on_mobile=&#8221;&#8221;][\/vc_column][\/vc_row][vc_row full_width=&#8221;stretch_row&#8221; gap=&#8221;1&#8243; content_placement=&#8221;top&#8221; scheme=&#8221;default&#8221;][vc_column width=&#8221;1\/3&#8243;][vc_column_text] ILPXpress alle Europa Transportzeiten sind 48 \/ 72 Stunden [\/vc_column_text][\/vc_column][vc_column width=&#8221;5\/12&#8243;][vc_column_text]Wir haben teilweise Minivan-Service in Deutschland, Belgien und den Niederlanden in Richtung Export &amp; Import.[\/vc_column_text][\/vc_column][vc_column width=&#8221;3\/12&#8243;][trx_sc_button type=&#8221;default&#8221; size=&#8221;normal&#8221; link=&#8221;https:\/\/ilplogistics.com\/de\/contacts\/&#8221; title=&#8221;Adresse &#038; Kontakt&#8221; subtitle=&#8221;&#8221; align=&#8221;right&#8221; text_align=&#8221;none&#8221; back_image=&#8221;&#8221; icon_type=&#8221;fontawesome&#8221; icon_fontawesome=&#8221;icon-right&#8221; image=&#8221;&#8221; icon_position=&#8221;right&#8221; id=&#8221;&#8221; class=&#8221;&#8221; css=&#8221;&#8221;][\/vc_column][\/vc_row][vc_row full_width=&#8221;stretch_row&#8221; css=&#8221;.vc_custom_1656018455652{background-position: 0 0 !important;background-repeat: no-repeat&hellip;","og_url":"https:\/\/ilplogistics.com\/de\/","og_site_name":"ILP Logistics DE","article_modified_time":"2024-09-22T10:12:12+00:00","twitter_card":"summary_large_image","twitter_misc":{"Tahmini okuma s\u00fcresi":"5 dakika"},"schema":{"@context":"https:\/\/schema.org","@graph":[{"@type":"WebPage","@id":"https:\/\/ilplogistics.com\/de\/","url":"https:\/\/ilplogistics.com\/de\/","name":"ILP LOG\u0130ST\u0130CS - ILP Logistics DE","isPartOf":{"@id":"https:\/\/ilplogistics.com\/de\/#website"},"datePublished":"2016-11-03T13:28:59+00:00","dateModified":"2024-09-22T10:12:12+00:00","breadcrumb":{"@id":"https:\/\/ilplogistics.com\/de\/#breadcrumb"},"inLanguage":"tr","potentialAction":[{"@type":"ReadAction","target":["https:\/\/ilplogistics.com\/de\/"]}]},{"@type":"BreadcrumbList","@id":"https:\/\/ilplogistics.com\/de\/#breadcrumb","itemListElement":[{"@type":"ListItem","position":1,"name":"Anasayfa","item":"https:\/\/ilplogistics.com\/de\/"},{"@type":"ListItem","position":2,"name":"ILP LOG\u0130ST\u0130CS"}]},{"@type":"WebSite","@id":"https:\/\/ilplogistics.com\/de\/#website","url":"https:\/\/ilplogistics.com\/de\/","name":"ILP Logistics DE","description":"","potentialAction":[{"@type":"SearchAction","target":{"@type":"EntryPoint","urlTemplate":"https:\/\/ilplogistics.com\/de\/?s={search_term_string}"},"query-input":{"@type":"PropertyValueSpecification","valueRequired":true,"valueName":"search_term_string"}}],"inLanguage":"tr"}]}},"_links":{"self":[{"href":"https:\/\/ilplogistics.com\/de\/wp-json\/wp\/v2\/pages\/610","targetHints":{"allow":["GET"]}}],"collection":[{"href":"https:\/\/ilplogistics.com\/de\/wp-json\/wp\/v2\/pages"}],"about":[{"href":"https:\/\/ilplogistics.com\/de\/wp-json\/wp\/v2\/types\/page"}],"author":[{"embeddable":true,"href":"https:\/\/ilplogistics.com\/de\/wp-json\/wp\/v2\/users\/1"}],"replies":[{"embeddable":true,"href":"https:\/\/ilplogistics.com\/de\/wp-json\/wp\/v2\/comments?post=610"}],"version-history":[{"count":1,"href":"https:\/\/ilplogistics.com\/de\/wp-json\/wp\/v2\/pages\/610\/revisions"}],"predecessor-version":[{"id":1631,"href":"https:\/\/ilplogistics.com\/de\/wp-json\/wp\/v2\/pages\/610\/revisions\/1631"}],"wp:attachment":[{"href":"https:\/\/ilplogistics.com\/de\/wp-json\/wp\/v2\/media?parent=610"}],"curies":[{"name":"wp","href":"https:\/\/api.w.org\/{rel}","templated":true}]}}